{"id":40,"date":"2020-02-21T11:11:48","date_gmt":"2020-02-21T11:11:48","guid":{"rendered":"https:\/\/www.a-towngospel.dk\/?page_id=40"},"modified":"2025-06-15T17:00:08","modified_gmt":"2025-06-15T17:00:08","slug":"velkommen","status":"publish","type":"page","link":"https:\/\/www.a-towngospel.dk\/","title":{"rendered":"Velkommen til A-Town Gospel"},"content":{"rendered":"\n<p>A-Town gospel er et kor, som l\u00e5ner Opstandelseskirken til at \u00f8ve i. <\/p>\n\n\n\n<p>Der er ingen optagelses pr\u00f8ver, men det er vigtigt, at du har lyst til at synge og v\u00e6re sammen med andre &#8211; vi er omkring 40 medlemmer (for\u00e5r 2025).&nbsp;<\/p>\n\n\n\n<p>Sang og musik er i centrum. Sangene bliver \u00f8vet og alles indsats er vigtig. Det bedste ved at synge i A-Town Gospel, er gl\u00e6den, n\u00e5r en sv\u00e6r passage eller sang, efter f\u00e6lles og individuel indsats, sidder lige i skabet!<\/p>\n\n\n\n<p>Vi v\u00e6gter ogs\u00e5 det gode f\u00e6llesskab, sammenholdet, respekt for hinandens forskelligheder og ikke mindst et godt grin. <\/p>\n\n\n\n<p><\/p>\n\n\n\n<figure class=\"wp-block-image size-large\"><img loading=\"lazy\" width=\"1024\" height=\"603\" src=\"https:\/\/www.a-towngospel.dk\/wp-content\/uploads\/2025\/06\/IMG_0194-kopier-1024x603.jpg\" alt=\"\" class=\"wp-image-412\" srcset=\"https:\/\/www.a-towngospel.dk\/wp-content\/uploads\/2025\/06\/IMG_0194-kopier-1024x603.jpg 1024w, https:\/\/www.a-towngospel.dk\/wp-content\/uploads\/2025\/06\/IMG_0194-kopier-300x177.jpg 300w, https:\/\/www.a-towngospel.dk\/wp-content\/uploads\/2025\/06\/IMG_0194-kopier-768x452.jpg 768w, https:\/\/www.a-towngospel.dk\/wp-content\/uploads\/2025\/06\/IMG_0194-kopier-1536x905.jpg 1536w, https:\/\/www.a-towngospel.dk\/wp-content\/uploads\/2025\/06\/IMG_0194-kopier-2048x1206.jpg 2048w\" sizes=\"(max-width: 1024px) 100vw, 1024px\" \/><figcaption>Sommerkoncert juni 2025<\/figcaption><\/figure>\n","protected":false},"excerpt":{"rendered":"<p>A-Town gospel er et kor, som l\u00e5ner Opstandelseskirken til at \u00f8ve i. Der er ingen optagelses pr\u00f8ver, men det er vigtigt, at du har lyst til at synge og v\u00e6re sammen med andre &#8211; vi er omkring 40 medlemmer (for\u00e5r 2025).&nbsp; Sang og musik er i centrum. Sangene bliver \u00f8vet og alles indsats er vigtig. &hellip;<\/p>\n<p class=\"read-more\"> <a class=\"\" href=\"https:\/\/www.a-towngospel.dk\/\"> <span class=\"screen-reader-text\">Velkommen til A-Town Gospel<\/span> L\u00e6s mere &raquo;<\/a><\/p>\n","protected":false},"author":1,"featured_media":0,"parent":0,"menu_order":0,"comment_status":"closed","ping_status":"closed","template":"","meta":[],"yoast_head":"<!-- This site is optimized with the Yoast SEO plugin v17.8 - https:\/\/yoast.com\/wordpress\/plugins\/seo\/ -->\n<title>Velkommen til A-Town Gospels verden - ren sanggl\u00e6de<\/title>\n<meta name=\"description\" content=\"Velkommen til A-Town Gospel - Albertslunds lokale gospelkor. Her f\u00e5r du sang, f\u00e6llesskab og mange glade timer sammen med andre sangglade korsister.\" \/>\n<meta name=\"robots\" content=\"index, follow, max-snippet:-1, max-image-preview:large, max-video-preview:-1\" \/>\n<link rel=\"canonical\" href=\"https:\/\/www.a-towngospel.dk\/\" \/>\n<meta property=\"og:locale\" content=\"da_DK\" \/>\n<meta property=\"og:type\" content=\"article\" \/>\n<meta property=\"og:title\" content=\"Velkommen til A-Town Gospels verden - ren sanggl\u00e6de\" \/>\n<meta property=\"og:description\" content=\"Velkommen til A-Town Gospel - Albertslunds lokale gospelkor. Her f\u00e5r du sang, f\u00e6llesskab og mange glade timer sammen med andre sangglade korsister.\" \/>\n<meta property=\"og:url\" content=\"https:\/\/www.a-towngospel.dk\/\" \/>\n<meta property=\"og:site_name\" content=\"A-Town Gospel\" \/>\n<meta property=\"article:modified_time\" content=\"2025-06-15T17:00:08+00:00\" \/>\n<meta property=\"og:image\" content=\"https:\/\/www.a-towngospel.dk\/wp-content\/uploads\/2025\/06\/IMG_0194-kopier-1024x603.jpg\" \/>\n<meta name=\"twitter:card\" content=\"summary_large_image\" \/>\n<meta name=\"twitter:label1\" content=\"Estimeret l\u00e6setid\" \/>\n\t<meta name=\"twitter:data1\" content=\"1 minut\" \/>\n<script type=\"application\/ld+json\" class=\"yoast-schema-graph\">{\"@context\":\"https:\/\/schema.org\",\"@graph\":[{\"@type\":\"WebSite\",\"@id\":\"https:\/\/www.a-towngospel.dk\/#website\",\"url\":\"https:\/\/www.a-towngospel.dk\/\",\"name\":\"A-Town Gospel\",\"description\":\"Vestegnens hyggeligste gospelkor\",\"potentialAction\":[{\"@type\":\"SearchAction\",\"target\":{\"@type\":\"EntryPoint\",\"urlTemplate\":\"https:\/\/www.a-towngospel.dk\/?s={search_term_string}\"},\"query-input\":\"required name=search_term_string\"}],\"inLanguage\":\"da-DK\"},{\"@type\":\"ImageObject\",\"@id\":\"https:\/\/www.a-towngospel.dk\/#primaryimage\",\"inLanguage\":\"da-DK\",\"url\":\"https:\/\/www.a-towngospel.dk\/wp-content\/uploads\/2025\/06\/IMG_0194-kopier-scaled.jpg\",\"contentUrl\":\"https:\/\/www.a-towngospel.dk\/wp-content\/uploads\/2025\/06\/IMG_0194-kopier-scaled.jpg\",\"width\":2560,\"height\":1508},{\"@type\":\"WebPage\",\"@id\":\"https:\/\/www.a-towngospel.dk\/#webpage\",\"url\":\"https:\/\/www.a-towngospel.dk\/\",\"name\":\"Velkommen til A-Town Gospels verden - ren sanggl\\u00e6de\",\"isPartOf\":{\"@id\":\"https:\/\/www.a-towngospel.dk\/#website\"},\"primaryImageOfPage\":{\"@id\":\"https:\/\/www.a-towngospel.dk\/#primaryimage\"},\"datePublished\":\"2020-02-21T11:11:48+00:00\",\"dateModified\":\"2025-06-15T17:00:08+00:00\",\"description\":\"Velkommen til A-Town Gospel - Albertslunds lokale gospelkor. Her f\\u00e5r du sang, f\\u00e6llesskab og mange glade timer sammen med andre sangglade korsister.\",\"breadcrumb\":{\"@id\":\"https:\/\/www.a-towngospel.dk\/#breadcrumb\"},\"inLanguage\":\"da-DK\",\"potentialAction\":[{\"@type\":\"ReadAction\",\"target\":[\"https:\/\/www.a-towngospel.dk\/\"]}]},{\"@type\":\"BreadcrumbList\",\"@id\":\"https:\/\/www.a-towngospel.dk\/#breadcrumb\",\"itemListElement\":[{\"@type\":\"ListItem\",\"position\":1,\"name\":\"Home\",\"item\":\"https:\/\/www.a-towngospel.dk\/\"},{\"@type\":\"ListItem\",\"position\":2,\"name\":\"Velkommen til A-Town Gospel\"}]}]}<\/script>\n<!-- \/ Yoast SEO plugin. -->","yoast_head_json":{"title":"Velkommen til A-Town Gospels verden - ren sanggl\u00e6de","description":"Velkommen til A-Town Gospel - Albertslunds lokale gospelkor. Her f\u00e5r du sang, f\u00e6llesskab og mange glade timer sammen med andre sangglade korsister.","robots":{"index":"index","follow":"follow","max-snippet":"max-snippet:-1","max-image-preview":"max-image-preview:large","max-video-preview":"max-video-preview:-1"},"canonical":"https:\/\/www.a-towngospel.dk\/","og_locale":"da_DK","og_type":"article","og_title":"Velkommen til A-Town Gospels verden - ren sanggl\u00e6de","og_description":"Velkommen til A-Town Gospel - Albertslunds lokale gospelkor. Her f\u00e5r du sang, f\u00e6llesskab og mange glade timer sammen med andre sangglade korsister.","og_url":"https:\/\/www.a-towngospel.dk\/","og_site_name":"A-Town Gospel","article_modified_time":"2025-06-15T17:00:08+00:00","og_image":[{"url":"https:\/\/www.a-towngospel.dk\/wp-content\/uploads\/2025\/06\/IMG_0194-kopier-1024x603.jpg"}],"twitter_card":"summary_large_image","twitter_misc":{"Estimeret l\u00e6setid":"1 minut"},"schema":{"@context":"https:\/\/schema.org","@graph":[{"@type":"WebSite","@id":"https:\/\/www.a-towngospel.dk\/#website","url":"https:\/\/www.a-towngospel.dk\/","name":"A-Town Gospel","description":"Vestegnens hyggeligste gospelkor","potentialAction":[{"@type":"SearchAction","target":{"@type":"EntryPoint","urlTemplate":"https:\/\/www.a-towngospel.dk\/?s={search_term_string}"},"query-input":"required name=search_term_string"}],"inLanguage":"da-DK"},{"@type":"ImageObject","@id":"https:\/\/www.a-towngospel.dk\/#primaryimage","inLanguage":"da-DK","url":"https:\/\/www.a-towngospel.dk\/wp-content\/uploads\/2025\/06\/IMG_0194-kopier-scaled.jpg","contentUrl":"https:\/\/www.a-towngospel.dk\/wp-content\/uploads\/2025\/06\/IMG_0194-kopier-scaled.jpg","width":2560,"height":1508},{"@type":"WebPage","@id":"https:\/\/www.a-towngospel.dk\/#webpage","url":"https:\/\/www.a-towngospel.dk\/","name":"Velkommen til A-Town Gospels verden - ren sanggl\u00e6de","isPartOf":{"@id":"https:\/\/www.a-towngospel.dk\/#website"},"primaryImageOfPage":{"@id":"https:\/\/www.a-towngospel.dk\/#primaryimage"},"datePublished":"2020-02-21T11:11:48+00:00","dateModified":"2025-06-15T17:00:08+00:00","description":"Velkommen til A-Town Gospel - Albertslunds lokale gospelkor. Her f\u00e5r du sang, f\u00e6llesskab og mange glade timer sammen med andre sangglade korsister.","breadcrumb":{"@id":"https:\/\/www.a-towngospel.dk\/#breadcrumb"},"inLanguage":"da-DK","potentialAction":[{"@type":"ReadAction","target":["https:\/\/www.a-towngospel.dk\/"]}]},{"@type":"BreadcrumbList","@id":"https:\/\/www.a-towngospel.dk\/#breadcrumb","itemListElement":[{"@type":"ListItem","position":1,"name":"Home","item":"https:\/\/www.a-towngospel.dk\/"},{"@type":"ListItem","position":2,"name":"Velkommen til A-Town Gospel"}]}]}},"_links":{"self":[{"href":"https:\/\/www.a-towngospel.dk\/index.php\/wp-json\/wp\/v2\/pages\/40"}],"collection":[{"href":"https:\/\/www.a-towngospel.dk\/index.php\/wp-json\/wp\/v2\/pages"}],"about":[{"href":"https:\/\/www.a-towngospel.dk\/index.php\/wp-json\/wp\/v2\/types\/page"}],"author":[{"embeddable":true,"href":"https:\/\/www.a-towngospel.dk\/index.php\/wp-json\/wp\/v2\/users\/1"}],"replies":[{"embeddable":true,"href":"https:\/\/www.a-towngospel.dk\/index.php\/wp-json\/wp\/v2\/comments?post=40"}],"version-history":[{"count":25,"href":"https:\/\/www.a-towngospel.dk\/index.php\/wp-json\/wp\/v2\/pages\/40\/revisions"}],"predecessor-version":[{"id":413,"href":"https:\/\/www.a-towngospel.dk\/index.php\/wp-json\/wp\/v2\/pages\/40\/revisions\/413"}],"wp:attachment":[{"href":"https:\/\/www.a-towngospel.dk\/index.php\/wp-json\/wp\/v2\/media?parent=40"}],"curies":[{"name":"wp","href":"https:\/\/api.w.org\/{rel}","templated":true}]}}